{"id":14,"date":"2019-02-08T19:33:19","date_gmt":"2019-02-08T18:33:19","guid":{"rendered":"http:\/\/wp1126487.server-he.de\/wordpress\/?page_id=14-old"},"modified":"2025-04-07T11:59:49","modified_gmt":"2025-04-07T09:59:49","slug":"service","status":"publish","type":"page","link":"https:\/\/www.kfz-gottschalk.de\/index.php\/service\/","title":{"rendered":"Service"},"content":{"rendered":"<p>&nbsp;<\/p>\n<p><span style=\"font-family: verdana, geneva, sans-serif; font-size: 24pt; color: #808080;\"><span style=\"font-family: helvetica, arial, sans-serif; font-size: 18pt;\">Alles aus einer Hand!<\/span><\/span><\/p>\n<p><span style=\"font-size: 14pt; font-family: helvetica, arial, sans-serif; color: #000000;\"><i class=\"fa fa-check\" aria-hidden=\"true\"><\/i>\u00a0Reparaturen aller Art und Fabrikate<\/span><\/p>\n<p><span style=\"color: #000000;\"><span style=\"font-size: 14pt; font-family: helvetica, arial, sans-serif;\"><i class=\"fa fa-check\" aria-hidden=\"true\"><\/i> An- un<\/span><span style=\"font-size: 14pt; font-family: helvetica, arial, sans-serif;\">d <\/span><span style=\"font-size: 14pt; font-family: helvetica, arial, sans-serif;\"> Verkauf von Neu- und Gebrauchtwagen<\/span><\/span><\/p>\n<p><span style=\"font-family: helvetica, arial, sans-serif; font-size: 14pt; color: #000000;\"> <i class=\"fa fa-check\" aria-hidden=\"true\"><\/i> Umbauten Winterdienstfahrzeuge<br \/>\n<\/span><\/p>\n<p><span style=\"font-family: helvetica, arial, sans-serif; font-size: 14pt; color: #000000;\"> <i class=\"fa fa-check\" aria-hidden=\"true\"><\/i> Unterbodenschutz u. Hohlraumkonservierung<br \/>\n<\/span><\/p>\n<p><span style=\"font-family: helvetica, arial, sans-serif; font-size: 14pt; color: #000000;\"> <i class=\"fa fa-check\" aria-hidden=\"true\"><\/i> Zubeh\u00f6r u. Sonderausstattung f\u00fcr Gel\u00e4ndefahrzeuge<br \/>\n<\/span><\/p>\n<p><span style=\"font-family: helvetica, arial, sans-serif; color: #000000;\"><span style=\"font-size: 14pt;\"><i class=\"fa fa-check\" aria-hidden=\"true\"><\/i> Aixam Mega Service u. Verkauf<\/span><span style=\"font-size: 14pt;\"><br \/>\n<\/span><\/span><\/p>\n<p><span style=\"font-size: 14pt; font-family: helvetica, arial, sans-serif; color: #000000;\"><i class=\"fa fa-check\" aria-hidden=\"true\"><\/i> Unfallinstandsetzung <\/span><\/p>\n<p><span style=\"font-size: 14pt; font-family: helvetica, arial, sans-serif; color: #000000;\"><i class=\"fa fa-check\" aria-hidden=\"true\"><\/i> Inspektionen nach Herstellervorgabe (auch f\u00fcr Hybrid- u. Elektrofahrzeuge)<br \/>\n<\/span><\/p>\n<p><span style=\"font-size: 14pt; font-family: helvetica, arial, sans-serif; color: #000000;\"><i class=\"fa fa-check\" aria-hidden=\"true\"><\/i> HU \/ AU (jeden Dienstag im Haus)<\/span><\/p>\n<p><span style=\"font-size: 14pt; font-family: helvetica, arial, sans-serif; color: #000000;\"><i class=\"fa fa-check\" aria-hidden=\"true\"><\/i> Reifenservice \/ Reifen- u. Felgenverkauf \/ Reifeneinlagerung<\/span><\/p>\n<p><span style=\"font-size: 14pt; font-family: helvetica, arial, sans-serif; color: #000000;\"><i class=\"fa fa-check\" aria-hidden=\"true\"><\/i> Service f\u00fcr Klimaanlagen R134a und R1234yf<br \/>\n<\/span><\/p>\n<p><span style=\"font-family: helvetica, arial, sans-serif; font-size: 14pt; color: #000000;\"><i class=\"fa fa-check\" aria-hidden=\"true\"><\/i> Achsvermessung<\/span><\/p>\n<p><span style=\"color: #000000;\"><span style=\"font-family: helvetica, arial, sans-serif; font-size: 14pt;\"><i class=\"fa fa-check\" aria-hidden=\"true\"><\/i> Fahrassistenzsysteme<\/span><span style=\"font-family: helvetica, arial, sans-serif; font-size: 14pt;\"> nach Herstellervorgaben pr\u00fcfen und kalibrieren <\/span><\/span><\/p>\n<p><span style=\"font-family: helvetica, arial, sans-serif; color: #000000;\"><span style=\"font-size: 14pt;\"><i class=\"fa fa-check\" aria-hidden=\"true\"><\/i> Finanzier<\/span><span style=\"font-size: 14pt;\">ung und Leasing<\/span><\/span><\/p>\n<p><span style=\"font-size: 14pt; font-family: helvetica, arial, sans-serif; color: #000000;\"><i class=\"fa fa-check\" aria-hidden=\"true\"><\/i> Gebrauchtwagenversicherung<\/span><\/p>\n<p><span style=\"font-size: 14pt; font-family: helvetica, arial, sans-serif; color: #000000;\"><i class=\"fa fa-check\" aria-hidden=\"true\"><\/i> Abschleppservice<\/span><\/p>\n<p><span style=\"font-size: 14pt; font-family: helvetica, arial, sans-serif; color: #000000;\">u.v.m. &#8211; sprechen Sie uns einfach darauf an!<\/span><\/p>\n<p>&nbsp;<\/p>\n","protected":false},"excerpt":{"rendered":"<p>&nbsp; Alles aus einer Hand! \u00a0Reparaturen aller Art und Fabrikate An- und Verkauf von Neu- und Gebrauchtwagen Umbauten Winterdienstfahrzeuge Unterbodenschutz u. Hohlraumkonservierung Zubeh\u00f6r u. Sonderausstattung&hellip;<\/p>\n","protected":false},"author":1,"featured_media":0,"parent":0,"menu_order":0,"comment_status":"closed","ping_status":"closed","template":"","meta":{"footnotes":""},"class_list":["post-14","page","type-page","status-publish","hentry"],"jetpack_sharing_enabled":true,"_links":{"self":[{"href":"https:\/\/www.kfz-gottschalk.de\/index.php\/wp-json\/wp\/v2\/pages\/14","targetHints":{"allow":["GET"]}}],"collection":[{"href":"https:\/\/www.kfz-gottschalk.de\/index.php\/wp-json\/wp\/v2\/pages"}],"about":[{"href":"https:\/\/www.kfz-gottschalk.de\/index.php\/wp-json\/wp\/v2\/types\/page"}],"author":[{"embeddable":true,"href":"https:\/\/www.kfz-gottschalk.de\/index.php\/wp-json\/wp\/v2\/users\/1"}],"replies":[{"embeddable":true,"href":"https:\/\/www.kfz-gottschalk.de\/index.php\/wp-json\/wp\/v2\/comments?post=14"}],"version-history":[{"count":35,"href":"https:\/\/www.kfz-gottschalk.de\/index.php\/wp-json\/wp\/v2\/pages\/14\/revisions"}],"predecessor-version":[{"id":1277,"href":"https:\/\/www.kfz-gottschalk.de\/index.php\/wp-json\/wp\/v2\/pages\/14\/revisions\/1277"}],"wp:attachment":[{"href":"https:\/\/www.kfz-gottschalk.de\/index.php\/wp-json\/wp\/v2\/media?parent=14"}],"curies":[{"name":"wp","href":"https:\/\/api.w.org\/{rel}","templated":true}]}}