{"id":60,"date":"2019-02-10T15:12:22","date_gmt":"2019-02-10T14:12:22","guid":{"rendered":"http:\/\/wp1126487.server-he.de\/wordpress\/?page_id=60-old"},"modified":"2025-04-07T11:56:49","modified_gmt":"2025-04-07T09:56:49","slug":"herzlich-willkommen-hereingefahren-before-import","status":"publish","type":"page","link":"https:\/\/www.kfz-gottschalk.de\/","title":{"rendered":"Herzlich Willkommen"},"content":{"rendered":"<div>\n<p><img loading=\"lazy\" decoding=\"async\" class=\"wp-image-920 size-full\" src=\"https:\/\/www.kfz-gottschalk.de\/wp-content\/uploads\/2021\/07\/IMG_20210628_085147-2-scaled.jpg\" alt=\"dsffsdf\" width=\"2560\" height=\"1125\" srcset=\"https:\/\/www.kfz-gottschalk.de\/wp-content\/uploads\/2021\/07\/IMG_20210628_085147-2-scaled.jpg 2560w, https:\/\/www.kfz-gottschalk.de\/wp-content\/uploads\/2021\/07\/IMG_20210628_085147-2-scaled-600x264.jpg 600w, https:\/\/www.kfz-gottschalk.de\/wp-content\/uploads\/2021\/07\/IMG_20210628_085147-2-300x132.jpg 300w, https:\/\/www.kfz-gottschalk.de\/wp-content\/uploads\/2021\/07\/IMG_20210628_085147-2-1024x450.jpg 1024w, https:\/\/www.kfz-gottschalk.de\/wp-content\/uploads\/2021\/07\/IMG_20210628_085147-2-768x338.jpg 768w, https:\/\/www.kfz-gottschalk.de\/wp-content\/uploads\/2021\/07\/IMG_20210628_085147-2-1536x675.jpg 1536w, https:\/\/www.kfz-gottschalk.de\/wp-content\/uploads\/2021\/07\/IMG_20210628_085147-2-2048x900.jpg 2048w\" sizes=\"auto, (max-width: 2560px) 100vw, 2560px\" \/><\/p>\n<\/div>\n<div>\n<p class=\"Headerblock\" style=\"text-align: center;\"><span style=\"font-family: helvetica, arial, sans-serif; font-size: 14pt;\">Seit 1990 Ihr Meisterbetrieb<br \/>\nf\u00fcr besten Service<br \/>\n<\/span><span style=\"font-family: helvetica, arial, sans-serif; font-size: 14pt;\">sowie ehrliche Beratung<br \/>\n<\/span><span style=\"font-family: helvetica, arial, sans-serif; font-size: 14pt;\">&#8222;rund um\u00b4s Auto&#8220;<\/span><\/p>\n<p>&nbsp;<\/p>\n<p>&nbsp;<\/p>\n<\/div>\n<p><img loading=\"lazy\" decoding=\"async\" class=\"wp-image-782 alignleft\" src=\"https:\/\/www.kfz-gottschalk.de\/wp-content\/uploads\/2021\/01\/cropped-KFZ-Brief-Zeitung.jpg\" alt=\"Zeitungsartikel\" width=\"349\" height=\"349\" data-wp-editing=\"1\" srcset=\"https:\/\/www.kfz-gottschalk.de\/wp-content\/uploads\/2021\/01\/cropped-KFZ-Brief-Zeitung.jpg 468w, https:\/\/www.kfz-gottschalk.de\/wp-content\/uploads\/2021\/01\/cropped-KFZ-Brief-Zeitung-300x300.jpg 300w, https:\/\/www.kfz-gottschalk.de\/wp-content\/uploads\/2021\/01\/cropped-KFZ-Brief-Zeitung-100x100.jpg 100w, https:\/\/www.kfz-gottschalk.de\/wp-content\/uploads\/2021\/01\/cropped-KFZ-Brief-Zeitung-150x150.jpg 150w\" sizes=\"auto, (max-width: 349px) 100vw, 349px\" \/>\u00a0<span style=\"font-size: 18pt; font-family: helvetica, arial, sans-serif;\">Lisa Gottschalk ist Kfz-Meisterin<\/span><\/p>\n<div>\n<div class=\"Zeitungsartikel\">\n<p style=\"margin: 0cm;\"><span style=\"font-size: 14pt; font-family: helvetica, arial, sans-serif;\">Die Nachfolge in der Kfz-Werkstatt von Robert Gottschalk in Engelloh ist gesichert.<\/span><\/p>\n<p style=\"margin: 0cm;\"><span style=\"font-family: helvetica, arial, sans-serif;\">Seubersdorf. Die 26-j\u00e4hrige Tochter Lisa Gottschalk pr\u00e4sentiert nach ihrer Ausbildung an der Handwerkskammer in Regensburg den Meisterbrief im Kraftfahrzeugtechnikerhandwerk. Neben dem Meistertitel hat sie die Berechtigung, die Bezeichnung Bachelor professional zu f\u00fchren und dieses Handwerk selbst\u00e4ndig zu betreiben. Sehr zur Freude vom Gesch\u00e4ftsinhaber und Vater Robert Gottschalk, der seinen Meisterbrief seit 1986 hat. Die Werkstatt in der Reparaturen aller Art und Fabrikate ausgef\u00fchrt werden, sowie An- und Verkauf von Neu- und Gebrauchtwagen get\u00e4tigt werden, wird seit 1997 in Engelloh betrieben. Neben seiner Frau Helga im B\u00fcro und nunmehr Tochter Lisa ist seit 1. September ein Auszubildender in der Werkstatt t\u00e4tig. Lisa Gottschalk hatte nach ihrer Schulzeit zuerst die Fremdsprachenschule besucht und dann Gro\u00df- und Au\u00dfenhandelskauffrau gelernt. Weil ihr dann aber die Arbeit im B\u00fcro nicht zusagte, schlug sie den Weg zum Kfz-Mechatroniker ein. (pvg)<\/span><\/p>\n<p><span style=\"font-family: helvetica, arial, sans-serif;\">Q<span style=\"font-size: 10pt;\">uelle: www.mittelbayerische.de\/region\/neumarkt\u00a0 &#8211;\u00a0 Vera Gabler 02. September 2020<\/span><\/span><\/p>\n<p>&nbsp;<\/p>\n<\/div>\n<\/div>\n<p>&nbsp;<\/p>\n<p><span style=\"font-size: 8pt; color: #ffffff;\">snoway sno-way lehner streuer streuger\u00e4t polaro pflug schneepflug schneeschild schneeschieber schild winterdienst hausmeister r\u00e4umdienst besen kehrbesen pkw suzuki jimny g\u00fcnstige gebrauchtwagen gebrauchtes auto kfz kfz-werkstatt kfz-werkst\u00e4tte autowerkstatt reparturwerkstatt freie meisterbetrieb meisterwerkstatt aixam leichtmobil leichtkfz leichtmobile 45 km\/h fahren ab 15 16 aixam pro fahrzeug auto kaufen reifen <\/span><\/p>\n","protected":false},"excerpt":{"rendered":"<p>Seit 1990 Ihr Meisterbetrieb f\u00fcr besten Service sowie ehrliche Beratung &#8222;rund um\u00b4s Auto&#8220; &nbsp; &nbsp; \u00a0Lisa Gottschalk ist Kfz-Meisterin Die Nachfolge in der Kfz-Werkstatt von&hellip;<\/p>\n","protected":false},"author":1,"featured_media":0,"parent":0,"menu_order":0,"comment_status":"closed","ping_status":"closed","template":"","meta":{"footnotes":""},"class_list":["post-60","page","type-page","status-publish","hentry"],"jetpack_sharing_enabled":true,"_links":{"self":[{"href":"https:\/\/www.kfz-gottschalk.de\/index.php\/wp-json\/wp\/v2\/pages\/60","targetHints":{"allow":["GET"]}}],"collection":[{"href":"https:\/\/www.kfz-gottschalk.de\/index.php\/wp-json\/wp\/v2\/pages"}],"about":[{"href":"https:\/\/www.kfz-gottschalk.de\/index.php\/wp-json\/wp\/v2\/types\/page"}],"author":[{"embeddable":true,"href":"https:\/\/www.kfz-gottschalk.de\/index.php\/wp-json\/wp\/v2\/users\/1"}],"replies":[{"embeddable":true,"href":"https:\/\/www.kfz-gottschalk.de\/index.php\/wp-json\/wp\/v2\/comments?post=60"}],"version-history":[{"count":62,"href":"https:\/\/www.kfz-gottschalk.de\/index.php\/wp-json\/wp\/v2\/pages\/60\/revisions"}],"predecessor-version":[{"id":1275,"href":"https:\/\/www.kfz-gottschalk.de\/index.php\/wp-json\/wp\/v2\/pages\/60\/revisions\/1275"}],"wp:attachment":[{"href":"https:\/\/www.kfz-gottschalk.de\/index.php\/wp-json\/wp\/v2\/media?parent=60"}],"curies":[{"name":"wp","href":"https:\/\/api.w.org\/{rel}","templated":true}]}}