{"id":966,"date":"2021-07-30T12:40:19","date_gmt":"2021-07-30T10:40:19","guid":{"rendered":"http:\/\/www.kfz-gottschalk.de\/?page_id=966"},"modified":"2022-03-14T15:29:48","modified_gmt":"2022-03-14T14:29:48","slug":"kehrbesen","status":"publish","type":"page","link":"https:\/\/www.kfz-gottschalk.de\/index.php\/kehrbesen\/","title":{"rendered":"Kehrbesen"},"content":{"rendered":"<p><img loading=\"lazy\" decoding=\"async\" class=\"aligncenter size-full wp-image-28\" src=\"https:\/\/www.kfz-gottschalk.de\/wp-content\/uploads\/2019\/02\/schneebesen.jpg\" alt=\"\" width=\"564\" height=\"424\" srcset=\"https:\/\/www.kfz-gottschalk.de\/wp-content\/uploads\/2019\/02\/schneebesen.jpg 564w, https:\/\/www.kfz-gottschalk.de\/wp-content\/uploads\/2019\/02\/schneebesen-300x226.jpg 300w\" sizes=\"auto, (max-width: 564px) 100vw, 564px\" \/><\/p>\n<p style=\"text-align: center;\"><strong><span style=\"font-family: helvetica, arial, sans-serif; font-size: 18pt; color: #808080;\">Marke Eigenbau<\/span><\/strong><\/p>\n<p style=\"text-align: center;\"><span style=\"font-family: helvetica, arial, sans-serif; font-size: 14pt; color: #000000;\">Nach intensiver, langj\u00e4hriger Zusammenarbeit mit Dienstleistern im Bereich Geb\u00e4udemanagement, freuen wir uns sehr, Ihnen unseren eigens konstruierten Kehrbesen f\u00fcr PKW vorstellen zu d\u00fcrfen!<br \/>\n<\/span><span style=\"font-family: helvetica, arial, sans-serif; font-size: 14pt; color: #000000;\">Der Kehrbesen kann direkt an die hydraulische Aufnahme von SNO-WAY anstatt dem Schneeschild angebracht werden.<\/span><\/p>\n<p><span style=\"font-family: helvetica, arial, sans-serif; font-size: 14pt; color: #000000;\">Auf einen Blick:<\/span><\/p>\n<ul style=\"list-style-type: square;\">\n<li><span style=\"font-family: helvetica, arial, sans-serif; font-size: 14pt; color: #000000;\">\u00a0Pulverbeschichtet<\/span><\/li>\n<li><span style=\"font-family: helvetica, arial, sans-serif; font-size: 14pt; color: #000000;\">\u00a0robuste Stahlkonstruktion<\/span><\/li>\n<li><span style=\"color: #000000;\"><span style=\"font-family: helvetica, arial, sans-serif; font-size: 14pt;\">\u00a0150 c<\/span><span style=\"font-family: helvetica, arial, sans-serif; font-size: 14pt;\">m Breite<\/span><\/span><\/li>\n<li><span style=\"font-family: helvetica, arial, sans-serif; font-size: 14pt; color: #000000;\">\u00a08 B\u00fcrstenreihen mit 28 cm Borstenl\u00e4nge<\/span><\/li>\n<li><span style=\"font-family: helvetica, arial, sans-serif; font-size: 14pt; color: #000000;\">\u00a0Die erste Borstenreihe abgestuft (bessere Schmutzsammlung)<\/span><\/li>\n<li><span style=\"color: #000000;\"><span style=\"font-family: helvetica, arial, sans-serif; font-size: 14pt;\">\u00a0Nachstellvorrichtun<\/span><span style=\"font-family: helvetica, arial, sans-serif; font-size: 14pt;\">g bei Borstenverschlei\u00df<\/span><\/span><\/li>\n<li><span style=\"font-family: helvetica, arial, sans-serif; font-size: 14pt; color: #000000;\">\u00a0leicht zu wechselnde B\u00fcrstenelemente<\/span><\/li>\n<li><span style=\"font-family: helvetica, arial, sans-serif; font-size: 14pt; color: #000000;\">\u00a0Winkelverstellung f\u00fcr die ideale Ausrichtung<\/span><\/li>\n<li><span style=\"font-family: helvetica, arial, sans-serif; font-size: 14pt; color: #000000;\">\u00a0Schwenkbar<\/span><\/li>\n<\/ul>\n<p>&nbsp;<\/p>\n<p style=\"text-align: center;\"><iframe loading=\"lazy\" src=\"\/\/www.youtube.com\/embed\/Mw84x8LhYJo\" width=\"800\" height=\"449\" allowfullscreen=\"allowfullscreen\"><\/iframe><\/p>\n","protected":false},"excerpt":{"rendered":"<p>Marke Eigenbau Nach intensiver, langj\u00e4hriger Zusammenarbeit mit Dienstleistern im Bereich Geb\u00e4udemanagement, freuen wir uns sehr, Ihnen unseren eigens konstruierten Kehrbesen f\u00fcr PKW vorstellen zu d\u00fcrfen!&hellip;<\/p>\n","protected":false},"author":1,"featured_media":0,"parent":0,"menu_order":0,"comment_status":"closed","ping_status":"closed","template":"","meta":{"footnotes":""},"class_list":["post-966","page","type-page","status-publish","hentry"],"jetpack_sharing_enabled":true,"_links":{"self":[{"href":"https:\/\/www.kfz-gottschalk.de\/index.php\/wp-json\/wp\/v2\/pages\/966","targetHints":{"allow":["GET"]}}],"collection":[{"href":"https:\/\/www.kfz-gottschalk.de\/index.php\/wp-json\/wp\/v2\/pages"}],"about":[{"href":"https:\/\/www.kfz-gottschalk.de\/index.php\/wp-json\/wp\/v2\/types\/page"}],"author":[{"embeddable":true,"href":"https:\/\/www.kfz-gottschalk.de\/index.php\/wp-json\/wp\/v2\/users\/1"}],"replies":[{"embeddable":true,"href":"https:\/\/www.kfz-gottschalk.de\/index.php\/wp-json\/wp\/v2\/comments?post=966"}],"version-history":[{"count":9,"href":"https:\/\/www.kfz-gottschalk.de\/index.php\/wp-json\/wp\/v2\/pages\/966\/revisions"}],"predecessor-version":[{"id":1108,"href":"https:\/\/www.kfz-gottschalk.de\/index.php\/wp-json\/wp\/v2\/pages\/966\/revisions\/1108"}],"wp:attachment":[{"href":"https:\/\/www.kfz-gottschalk.de\/index.php\/wp-json\/wp\/v2\/media?parent=966"}],"curies":[{"name":"wp","href":"https:\/\/api.w.org\/{rel}","templated":true}]}}